{"id":922,"date":"2023-12-21T17:44:18","date_gmt":"2023-12-21T17:44:18","guid":{"rendered":"https:\/\/limcologistics.com\/formulario-de-pago-ach-imprimible\/"},"modified":"2024-01-24T17:49:28","modified_gmt":"2024-01-24T17:49:28","slug":"formulario-de-pago-ach-imprimible","status":"publish","type":"page","link":"https:\/\/limcologistics.com\/es\/formulario-de-pago-ach-imprimible\/","title":{"rendered":"Formulario de pago ACH"},"content":{"rendered":"\n\t<section class=\"wcl-simple-banner\">\n\t\t<div class=\"wcl-container\">\n\t\t\t<div class=\"row\">\n\t\t\t\t\t\t\t\t<div class=\"col-12\">\n\n\t\t\t\t\t<h1 class=\"data-title\">Formulario de pago ACH imprimible<\/h1>\n\t\t\t\t\t<div class=\"data-bubbles\">\n\t\t\t\t\t\t<div class=\"data-bubble data-bubble-small data-bubble-small-1\"><\/div>\n\t\t\t\t\t\t<div class=\"data-bubble data-bubble-small-50 data-bubble-small-2\"><\/div>\n\t\t\t\t\t\t<div class=\"data-bubble data-bubble-medium-50 data-bubble-medium-1\"><\/div>\n\t\t\t\t\t<\/div>\n\t\t\t\t<\/div>\n\t\t\t<\/div>\n\t\t<\/div>\n\t\t<div id=\"wcl-quote-form-wrapper\">\n\t<div id=\"wcl-quote-form-section\">\n\t\t<div class=\"wcl-container\">\n\t\t\t<div class=\"row\">\n\t\t\t\t<div class=\"col-12\">\n\t\t\t\t\t<form class=\"wcl-form wcl-quote-form\">\n\n\t\t\t\t\t\t<input type=\"hidden\" id=\"wcl_submit_form_wpnonce\" name=\"wcl_submit_form_wpnonce\" value=\"72acbc0d3d\" \/><input type=\"hidden\" name=\"_wp_http_referer\" value=\"\/es\/wp-json\/wp\/v2\/pages\/922\" \/>\n\t\t\t\t\t\t<div class=\"data-tabs\">\n\t\t\t\t\t\t\t<div class=\"data-tab active\" data-tab=\"ocean-fcl\">\n\t\t\t\t\t\t\t\t<i class=\"wcl-icon-ocean-fcl\"><\/i>\n\t\t\t\t\t\t\t\tFCL mar\u00edtimo\t\t\t\t\t\t\t<\/div>\n\t\t\t\t\t\t\t<div class=\"data-tab\" data-tab=\"ocean-lcl\">\n\t\t\t\t\t\t\t\t<i class=\"wcl-icon-ocean-lcl\"><\/i>\n\t\t\t\t\t\t\t\tLCL mar\u00edtimo\t\t\t\t\t\t\t<\/div>\n\t\t\t\t\t\t\t<div class=\"data-tab\" data-tab=\"ocean-roro\">\n\t\t\t\t\t\t\t\t<i class=\"wcl-icon-ship\"><\/i>\n\t\t\t\t\t\t\t\tOc\u00e9ano RORO\t\t\t\t\t\t\t<\/div>\n\t\t\t\t\t\t\t<div class=\"data-tab\" data-tab=\"car-shipping\">\n\t\t\t\t\t\t\t\t<i class=\"wcl-icon-car\"><\/i>\n\t\t\t\t\t\t\t\tEnv\u00edo de coches\t\t\t\t\t\t\t<\/div>\n\t\t\t\t\t\t\t<div class=\"data-tab\" data-tab=\"air\">\n\t\t\t\t\t\t\t\t<i class=\"wcl-icon-air\"><\/i>\n\t\t\t\t\t\t\t\tA\u00e9reo\t\t\t\t\t\t\t<\/div>\n\t\t\t\t\t\t<\/div>\n\n\t\t\t\t\t\t<div class=\"data-tabs-wrapper\">\n\t\t\t\t\t\t\t<div class=\"data-tab-content\">\n\t<div class=\"data-content-wrapper\">\n\t\t<div class=\"data-column-wrapper\">\n\t\t\t<div class=\"data-column\">\n\t\t\t\t<div class=\"data-label\">\n\t\t\t\t\t<i class=\"wcl-icon-globe\"><\/i>\n\t\t\t\t\tLugar de env\u00edo\t\t\t\t<\/div>\n\t\t\t\t<input type=\"text\" name=\"origin\" id=\"origin-input\" autocomplete=\"__away\" class=\"data-input\"\n\t\t\t\t\taria-label=\"places\" data-selected=\"0\"\n\t\t\t\t\tplaceholder=\"Lugar de expedici\u00f3n de los FCL oce\u00e1nicos\">\n\t\t\t\t<div class=\"data-submenu\">\n\t\t\t\t\t<ul class=\"data-submenu-list\"><\/ul>\n\n\t\t\t\t\t<span class=\"spinner-border\" role=\"status\" aria-hidden=\"true\"><\/span>\n\t\t\t\t<\/div>\n\t\t\t<\/div>\n\t\t\t<div class=\"wcl-error-message js-column-error-message\"><\/div>\n\t\t<\/div>\n\n\t\t<div class=\"data-column-wrapper\">\n\t\t\t<div class=\"data-column\">\n\t\t\t\t<div class=\"data-label\">\n\t\t\t\t\t<i class=\"wcl-icon-globe\"><\/i>\n\t\t\t\t\tDestino\t\t\t\t<\/div>\n\t\t\t\t<input type=\"text\" name=\"destination\" id=\"destination-input\" autocomplete=\"__away\" class=\"data-input\"\n\t\t\t\t\taria-label=\"places\" data-selected=\"0\"\n\t\t\t\t\tplaceholder=\"Destino para Ocean FCL\">\n\t\t\t\t<div class=\"data-submenu\">\n\t\t\t\t\t<ul class=\"data-submenu-list\"> <\/ul>\n\t\t\t\t\t<span class=\"spinner-border\" role=\"status\" aria-hidden=\"true\"><\/span>\n\t\t\t\t<\/div>\n\t\t\t<\/div>\n\t\t\t<div class=\"wcl-error-message js-column-error-message\"><\/div>\n\t\t<\/div>\n\n\t\t<div class=\"data-column-wrapper\">\n\t\t\t<div class=\"data-column\">\n\t\t\t\t<div class=\"data-label\">\n\t\t\t\t\t<i class=\"wcl-icon-box\"><\/i>\n\t\t\t\t\tCarga\t\t\t\t<\/div>\n\t\t\t\t<input type=\"text\" name=\"cargo-details\" id=\"cargo-details\" autocomplete=\"off\" class=\"data-input\"\n\t\t\t\t\tplaceholder=\"Detalles de la carga\" readonly>\n\n\t\t\t\t<div class=\"data-modal\" id=\"cargo-details-modal\" style=\"display: none;\">\n\t\t\t\t\t<div class=\"data-modal-wrapper\">\n\t\t\t\t\t\t<div class=\"data-fields-fcl\">\n\n\t<div class=\"data-select data-select--serviceType\">\n\t\t<div class=\"data-label\">\n\t\t\tTipo de servicio\t\t<\/div>\n\t\t<select name=\"service_type\" id=\"service_type\" aria-label=\"service_type\">\n\t\t\t<option value=\"Door to Port\">\n\t\t\t\tDe Puerta a Puerto\t\t\t<\/option>\n\t\t\t<option value=\"Port to Port\">\n\t\t\t\tDe puerto a puerto\t\t\t<\/option>\n\t\t\t<option value=\"Port to Door\">\n\t\t\t\tDel puerto a la puerta\t\t\t<\/option>\n\t\t<\/select>\n\t<\/div>\n\n\t<div class=\"data-wrapper-containers\">\n\t\t<div class=\"data-fields-wrapper\">\n\t\t\t<div class=\"data-inputs\">\n\t\t\t\t\n<div class=\"data-input-row cargo-input-group\" data-num=\"1\">\n\t<div class=\"data-select data-container-type\">\n\t\t<div class=\"data-label\">\n\t\t\tTipo de contenedor *\t\t<\/div>\n\t\t<select name=\"container_type_1\" id=\"container_type_1\" class=\"container-type-select\"\n\t\t\taria-label=\"container_type\">\n\t\t\t<option value=\"20ft\">\n\t\t\t\tContenedor 20 pies\t\t\t<\/option>\n\t\t\t<option value=\"40ft\">\n\t\t\t\tContenedor 40 pies\t\t\t<\/option>\n\t\t\t<option value=\"40hc\">\n\t\t\t\tContenedor 40 HC\t\t\t<\/option>\n\t\t\t<option value=\"40'hc\">\n\t\t\t\t40&#8242; HC Contenedor \t\t\t<\/option>\n\t\t\t<option value=\"20'std\">\n\t\t\t\t20&#8217;STD Contenedor \t\t\t<\/option>\n\t\t\t<option value=\"40'std\">\n\t\t\t\t40&#8217;STD Contenedor \t\t\t<\/option>\n\t\t\t<option value=\"20ot\" data-container=\"container-ot\">\n\t\t\t\t20 OT Contenedor \t\t\t<\/option>\n\t\t\t<option value=\"40'ot\" data-container=\"container-ot\">\n\t\t\t\t40&#8217;OT Contenedor \t\t\t<\/option>\n\t\t\t<option value=\"20'fr\" data-container=\"container-fr\">\n\t\t\t\t20&#8217;FR Contenedor \t\t\t<\/option>\n\t\t\t<option value=\"40'fr\" data-container=\"container-fr\">\n\t\t\t\t40&#8217;FR Contenedor \t\t\t<\/option>\n\t\t\t<option value=\"20'reefer\">\n\t\t\t\t20&#8242; REEFER\t\t\t<\/option>\n\t\t\t<option value=\"40'HcReefer\">\n\t\t\t\t40&#8217;HC REEFER\t\t\t<\/option>\n\t\t<\/select>\n\t<\/div>\n\t<div class=\"data-modal-input data-modal-input--qty\">\n\t\t<div class=\"data-label\">\n\t\t\tCtd *\t\t<\/div>\n\t\t<input type=\"number\" name=\"container_qty_1\" id=\"container_qty_1\" value=\"1\" min=\"1\"\n\t\t\tclass=\"data-input-number input-qty cargo-fcl-input\">\n\t<\/div>\n\n\t\n\t<div class=\"data-extra-wrapper\">\n\t\t<div class=\"data-extra\"><\/div>\n\n\t\t<div class=\"data-add-button wcl-button-wrapper\">\n\t\t\t<button type=\"button\" class=\"wcl-button js-add-extra-item-button\">\n\t\t\t\tA\u00f1adir elemento +\t\t\t<\/button>\n\t\t<\/div>\n\t<\/div>\n<\/div>\n\t\t\t<\/div>\n\t\n\t\t\t\n<div class=\"data-add-button wcl-button-wrapper\">\n\t<button type=\"button\" class=\"wcl-button js-add-item-button\" data-num=\"1\" data-method=\"fcl-container-type\">\n\t\t<i class=\"wcl-icon-plus\"><\/i>\n\t<\/button>\n\n\t<span class=\"spinner-border spinner-border-sm d-none\" role=\"status\" aria-hidden=\"true\"><\/span>\n<\/div>\t\t<\/div>\n\t<\/div>\n\n\n\n\t<div class=\"wcl-button-wrapper\">\n\t\t<button type=\"button\" class=\"wcl-button wcl-button-modal js-form-show-sidebar\">\n\t\t\tTarifas de b\u00fasqueda\t\t<\/button>\n\t<\/div>\n\n<\/div>\t\t\t\t\t<\/div>\n\t\t\t\t\t<div class=\"wcl-preloader\">\n\t<svg version=\"1.1\" id=\"L9\" xmlns=\"http:\/\/www.w3.org\/2000\/svg\" xmlns:xlink=\"http:\/\/www.w3.org\/1999\/xlink\" x=\"0px\"\n\t\ty=\"0px\" viewBox=\"0 0 100 100\" enable-background=\"new 0 0 0 0\" xml:space=\"preserve\">\n\t\t<path fill=\"#666\"\n\t\t\td=\"M73,50c0-12.7-10.3-23-23-23S27,37.3,27,50 M30.9,50c0-10.5,8.5-19.1,19.1-19.1S69.1,39.5,69.1,50\">\n\t\t\t<animateTransform attributeName=\"transform\" attributeType=\"XML\" type=\"rotate\" dur=\"1s\" from=\"0 50 50\"\n\t\t\t\tto=\"360 50 50\" repeatCount=\"indefinite\">\n\t\t\t<\/animateTransform>\n\t\t<\/path>\n\t<\/svg>\n<\/div>\t\t\t\t<\/div>\n\t\t\t<\/div>\n\t\t\t<div class=\"wcl-error-message js-column-error-message\"><\/div>\n\t\t<\/div>\n\t<\/div>\n<\/div>\n\t\t\t\t\t\t\t<div class=\"wcl-button-wrapper wcl-wrapper-search\">\n\t\t\t\t\t\t\t\t<button type=\"button\" class=\"wcl-button wcl-button-search js-form-show-sidebar\">\n\t\t\t\t\t\t\t\t\tTarifas de b\u00fasqueda\t\t\t\t\t\t\t\t<\/button>\n\t\t\t\t\t\t\t<\/div>\n\t\t\t\t\t\t<\/div>\n\n\t\t\t\t\t\t<div class=\"data-tabs-description\">\n\t\t\t\t\t\t\t\t\t\t\t\t\t<\/div>\n\n\t\t\t\t\t\t<div class=\"wcl-message\"><\/div>\n\n\n\t\t\t\t\t\t<div class=\"wcl-modal js-modal data-know-shipper\">\n\t\t\t\t\t\t\t<div class=\"wcl-modal-wrapper\">\n\t\t\t\t\t\t\t\t<div class=\"wcl-modal-card\">\n\t\t\t\t\t\t\t\t\t<div class=\"wcl-button-wrapper\">\n\t\t\t\t\t\t\t\t\t\t<button type=\"button\" class=\"wcl-button wcl-button-close js-modal-close\">\n\t\t\t\t\t\t\t\t\t\t\t<i class=\"wcl-icon-close\"><\/i>\n\t\t\t\t\t\t\t\t\t\t<\/button>\n\t\t\t\t\t\t\t\t\t<\/div>\n\t\t\t\t\t\t\t\t\t<div class=\"wcl-modal-content\">\n\t\t\t\t\t\t\t\t\t\t<div class=\"wcl-modal-title\">\n\t\t\t\t\t\t\t\t\t\t\t\u00bfQui\u00e9n es un expedidor conocido?\t\t\t\t\t\t\t\t\t\t<\/div>\n\t\t\t\t\t\t\t\t\t\t<div class=\"wcl-modal-info\">\n\t\t\t\t\t\t\t\t\t\t\t<p>\n\t\t\t\t\t\t\t\t\t\t\t\tUn expedidor conocido, especialmente en el transporte a\u00e9reo de mercanc\u00edas, se refiere a un individuo u organizaci\u00f3n que ha sido preseleccionado y aprobado por un transportista o agencia gubernamental como una fuente de env\u00edo de bajo riesgo.\t\t\t\t\t\t\t\t\t\t\t<\/p>\n\t\t\t\t\t\t\t\t\t\t\t<p>\n\t\t\t\t\t\t\t\t\t\t\t\tLa designaci\u00f3n de expedidor conocido permite a la persona u organizaci\u00f3n enviar mercanc\u00edas sin controles de seguridad adicionales en los aviones de pasajeros y de carga.\t\t\t\t\t\t\t\t\t\t\t<\/p>\n\t\t\t\t\t\t\t\t\t\t\t<p>\n\t\t\t\t\t\t\t\t\t\t\t\tTenga en cuenta que no necesita ser un Expedidor Conocido para reservar a trav\u00e9s de nuestra plataforma.\t\t\t\t\t\t\t\t\t\t\t<\/p>\n\t\t\t\t\t\t\t\t\t\t<\/div>\n\t\t\t\t\t\t\t\t\t<\/div>\n\t\t\t\t\t\t\t\t\t<div class=\"wcl-button-wrapper\">\n\t\t\t\t\t\t\t\t\t\t<button type=\"button\" class=\"wcl-button wcl-button-blue js-modal-close\">\n\t\t\t\t\t\t\t\t\t\t\tOK\t\t\t\t\t\t\t\t\t\t<\/button>\n\t\t\t\t\t\t\t\t\t<\/div>\n\t\t\t\t\t\t\t\t<\/div>\n\t\t\t\t\t\t\t<\/div>\n\t\t\t\t\t\t<\/div>\n\n\t\t\t\t\t\t<div class=\"data-sidebar-form\">\n\t<div class=\"data-wrapper\">\n\t\t<div class=\"data-form-submit\">\n\n\t\t\t<div class=\"wcl-button-wrapper\">\n\t\t\t\t<button type=\"button\" class=\"wcl-button wcl-button-close js-modal-close\">\n\t\t\t\t\t<i class=\"wcl-icon-close\"><\/i>\n\t\t\t\t<\/button>\n\t\t\t<\/div>\n\n\t\t\t<div class=\"data-form-title\">\n\t\t\t\tCalcule los gastos de env\u00edo\t\t\t<\/div>\n\n\t\t\t<div class=\"data-form-content\">\n\t\t\t\t<div class=\"data-field\">\n\t\t\t\t\t<input class=\"data-input\" type=\"text\" name=\"client_name\" id=\"client_name\"\n\t\t\t\t\t\tplaceholder=\"Nombre\">\n\t\t\t\t<\/div>\n\n\t\t\t\t<div class=\"data-field\">\n\t\t\t\t\t<input class=\"data-input\" type=\"tel\" name=\"client_phone\" id=\"client_phone\"\n\t\t\t\t\t\tplaceholder=\"Tel\u00e9fono\">\n\t\t\t\t<\/div>\n\n\t\t\t\t<div class=\"data-field\">\n\t\t\t\t\t<input class=\"data-input\" type=\"text\" name=\"client_company\" id=\"client_company\"\n\t\t\t\t\t\tplaceholder=\"Compa\u00f1\u00eda\">\n\t\t\t\t<\/div>\n\n\t\t\t\t<div class=\"data-field\">\n\t\t\t\t\t<input class=\"data-input\" type=\"email\" name=\"client_email\" id=\"client_email\"\n\t\t\t\t\t\tplaceholder=\"E-mail\">\n\t\t\t\t\t<div id=\"email-error-message\" class=\"error-message\"><\/div>\n\t\t\t\t<\/div>\n\n\t\t\t\t<div class=\"data-field\">\n\t\t\t\t\t<textarea class=\"data-input\" name=\"client_message\" id=\"client_message\"\n\t\t\t\t\t\tplaceholder=\"\u00bfQu\u00e9 env\u00eda?\"><\/textarea>\n\t\t\t\t<\/div>\n\t\t\t<\/div>\n\n\t\t\t<input type=\"hidden\" name=\"url\" value=\"https:\/\/limcologistics.com\/es\/formulario-de-pago-ach-imprimible\/\">\n\n\t\t\t<div class=\"wcl-message\"><\/div>\n\n\t\t\t<span class=\"wcl-grecaptcha-info\">This site is protected by reCAPTCHA and the Google\n\t\t\t\t<a href=\"https:\/\/policies.google.com\/privacy\" target=\"_blank\" role=\"link\">Privacy Policy<\/a> and\n\t\t\t\t<a href=\"https:\/\/policies.google.com\/terms\" target=\"_blank\" role=\"link\">Terms of Service<\/a> apply.\n\t\t\t<\/span>\n\n\t\t\t<div class=\"wcl-button-wrapper\">\n\t\t\t\t<button type=\"button\" class=\"wcl-button wcl-button-blue js-button-submit\">\n\t\t\t\t\t<div class=\"data-text\">\n\t\t\t\t\t\tEnviar\t\t\t\t\t<\/div>\n\t\t\t\t\t<span class=\"spinner-border\" role=\"status\" aria-hidden=\"true\"><\/span>\n\t\t\t\t<\/button>\n\t\t\t<\/div>\n\t\t<\/div>\n\t<\/div>\n<\/div><div class=\"wcl-preloader\">\n\t<svg version=\"1.1\" id=\"L9\" xmlns=\"http:\/\/www.w3.org\/2000\/svg\" xmlns:xlink=\"http:\/\/www.w3.org\/1999\/xlink\" x=\"0px\"\n\t\ty=\"0px\" viewBox=\"0 0 100 100\" enable-background=\"new 0 0 0 0\" xml:space=\"preserve\">\n\t\t<path fill=\"#666\"\n\t\t\td=\"M73,50c0-12.7-10.3-23-23-23S27,37.3,27,50 M30.9,50c0-10.5,8.5-19.1,19.1-19.1S69.1,39.5,69.1,50\">\n\t\t\t<animateTransform attributeName=\"transform\" attributeType=\"XML\" type=\"rotate\" dur=\"1s\" from=\"0 50 50\"\n\t\t\t\tto=\"360 50 50\" repeatCount=\"indefinite\">\n\t\t\t<\/animateTransform>\n\t\t<\/path>\n\t<\/svg>\n<\/div>\t\t\t\t\t<\/form>\n\t\t\t\t<\/div>\n\t\t\t<\/div>\n\t\t<\/div>\n\t<\/div>\n<\/div>\t<\/section>\n\n\t\n\t\n\n\n   <section class=\"wcl-blocks-section wcl-section-2\">\n      <div class=\"wcl-container\">\n         <div class=\"row\">\n                              <div class=\"col-12\">\n                     <div class=\"data-item\">\n                        <div class=\"data-description\"><p>Gracias por elegir Limco Logistics para sus necesidades de pago. Ofrecemos las mejores tarifas de env\u00edo internacional. Hacer un pago \u00fanico ACH es r\u00e1pido y f\u00e1cil. Siga los siguientes pasos para completar el proceso:<\/p>\n<p><strong>1. Acceda al formulario de pago:<\/strong><br \/>\n&#8211; Abra nuestro formulario seguro de pago ACH haciendo clic en <a href=\"https:\/\/limcologistics.com\/media\/files\/LIMCO-ACH-OTP-FORM.pdf\">https:\/\/limcologistics.com\/media\/files\/LIMCO-ACH-OTP-FORM.pdf<\/a><\/p>\n<p><strong>2. Cumplimentaci\u00f3n del formulario:<\/strong><\/p>\n<p>&#8211; Rellene los campos obligatorios del formulario de pago para conocer el coste del env\u00edo de carga al extranjero. Aseg\u00farese de que toda la informaci\u00f3n es correcta y coincide con los datos asociados a su cuenta.<\/p>\n<p><strong>3. Firma:<\/strong><\/p>\n<p>&#8211; Firme electr\u00f3nicamente el formulario utilizando el campo de firma designado. Esto garantiza la autenticidad y autorizaci\u00f3n del pago.<\/p>\n<p><strong>4. Imprima el formulario:<\/strong><\/p>\n<p>&#8211; Despu\u00e9s de firmar electr\u00f3nicamente el formulario, proceda a imprimir una copia en papel. Esta copia impresa servir\u00e1 como registro para sus archivos.<\/p>\n<p><strong>5. Opciones de presentaci\u00f3n:<\/strong><\/p>\n<p>&#8211; Elija una de las siguientes opciones para enviar el formulario de pago ACH cumplimentado y firmado y pagar su factura de carga:<\/p>\n<p>&#8211; Fax: Env\u00edenos el formulario impreso por fax a <a href=\"tel:13058995577\">1+(305) 899-5577<\/a>.<\/p>\n<p>&#8211; Por correo electr\u00f3nico: Escanee el formulario impreso o gu\u00e1rdelo como PDF y env\u00edelo por correo electr\u00f3nico a <a href=\"mailto:finance@limcologistics.com\">finance@limcologistics.com<\/a>.<\/p>\n<p><strong>6. Confirmaci\u00f3n:<\/strong><\/p>\n<p>&#8211; Una vez recibido el formulario cumplimentado, nuestro equipo financiero tramitar\u00e1 el pago por ACH. Recibir\u00e1 un correo electr\u00f3nico de confirmaci\u00f3n cuando el pago se haya procesado correctamente.<\/p>\n<p><b>Notas importantes:<\/b><\/p>\n<p>&#8211; Aseg\u00farese de que toda la informaci\u00f3n facilitada en el formulario es correcta para evitar retrasos en la tramitaci\u00f3n.<\/p>\n<p>&#8211; La opci\u00f3n de pago ACH es un m\u00e9todo seguro y eficaz para realizar transacciones r\u00e1pidas.<\/p>\n<p>Si tiene alg\u00fan problema o pregunta sobre el proceso de pago ACH, p\u00f3ngase en contacto con nuestro departamento financiero en <a href=\"mailto:finance@limcologistics.com\">finance@limcologistics.com<\/a> o llame al [Customer Service Number].<\/p>\n<p>Gracias por elegir Limco Logistics. Apreciamos su negocio, y estamos aqu\u00ed para ayudarle con cualquier consulta relacionada con el pago.<\/p>\n<\/div>                     <\/div>\n                  <\/div>\n                        <\/div>\n      <\/div>\n   <\/section>\n\n\n\n\t<section class=\"wcl-quote wcl-section\">\n\t\t<div class=\"wcl-container\">\n\t\t\t<div class=\"row\">\n\t\t\t\t<div class=\"col-12 col-md-8 text-center m-auto\">\n\t\t\t\t\t<h3 class=\"data-title\">\n\t\t\t\t\t\tObtenga hoy mismo su presupuesto gratuito de env\u00edo a EE.UU.\t\t\t\t\t<\/h3>\n\t\t\t\t\t<div class=\"data-description m-auto\">Especializados en env\u00edos con destino a EE.UU. Solicite su presupuesto gratuito y agilice su log\u00edstica con nuestras soluciones expertas y personalizadas.<\/div><div class=\"wcl-button-wrapper\">\n                              <a href=\"#wcl-quote-form-wrapper\" class=\"wcl-button js-button-quote\">Solicitar presupuesto<\/a>\n                           <\/div>\t\t\t\t<\/div>\n\t\t\t<\/div>\n\n\t\t\t<div class=\"row d-none d-lg-block\">\n\t\t\t\t<div class=\"col-12\">\n\t\t\t\t\t<div class=\"data-background-image data-background-image-1\">\n\t\t\t\t\t\t<img decoding=\"async\" src=\"https:\/\/limcologistics.com\/wp-content\/themes\/limcologistics_theme\/img\/crane-1.png\" alt=\"\">\n\t\t\t\t\t<\/div>\n\t\t\t\t<\/div>\n\n\t\t\t\t<div class=\"col-12\">\n\t\t\t\t\t<div class=\"data-background-image data-background-image-2\">\n\t\t\t\t\t\t<img decoding=\"async\" src=\"https:\/\/limcologistics.com\/wp-content\/themes\/limcologistics_theme\/img\/crane-2.png\" alt=\"\">\n\t\t\t\t\t<\/div>\n\t\t\t\t<\/div>\n\t\t\t<\/div>\n\t\t<\/div>\n\t<\/section>\n\n\t","protected":false},"excerpt":{"rendered":"","protected":false},"author":1,"featured_media":0,"parent":0,"menu_order":0,"comment_status":"closed","ping_status":"closed","template":"","meta":{"_acf_changed":false,"inline_featured_image":false,"footnotes":""},"class_list":["post-922","page","type-page","status-publish","hentry"],"acf":[],"yoast_head":"<!-- This site is optimized with the Yoast SEO plugin v27.2 - https:\/\/yoast.com\/product\/yoast-seo-wordpress\/ -->\n<title>Formulario de pago ACH - Limcologistics<\/title>\n<meta name=\"description\" content=\"Gracias por elegir Limco Logistics para sus necesidades de pago. Ofrecemos las mejores tarifas de env\u00edo internacional.\" \/>\n<meta name=\"robots\" content=\"index, follow, max-snippet:-1, max-image-preview:large, max-video-preview:-1\" \/>\n<link rel=\"canonical\" href=\"https:\/\/limcologistics.com\/es\/formulario-de-pago-ach-imprimible\/\" \/>\n<meta property=\"og:locale\" content=\"es_ES\" \/>\n<meta property=\"og:type\" content=\"article\" \/>\n<meta property=\"og:title\" content=\"Formulario de pago ACH - Limcologistics\" \/>\n<meta property=\"og:description\" content=\"Gracias por elegir Limco Logistics para sus necesidades de pago. Ofrecemos las mejores tarifas de env\u00edo internacional.\" \/>\n<meta property=\"og:url\" content=\"https:\/\/limcologistics.com\/es\/formulario-de-pago-ach-imprimible\/\" \/>\n<meta property=\"og:site_name\" content=\"Limcologistics\" \/>\n<meta property=\"article:publisher\" content=\"https:\/\/www.facebook.com\/limcologistics\" \/>\n<meta property=\"article:modified_time\" content=\"2024-01-24T17:49:28+00:00\" \/>\n<meta name=\"twitter:card\" content=\"summary_large_image\" \/>\n<meta name=\"twitter:site\" content=\"@limcologistics\" \/>\n<script type=\"application\/ld+json\" class=\"yoast-schema-graph\">{\"@context\":\"https:\/\/schema.org\",\"@graph\":[{\"@type\":\"WebPage\",\"@id\":\"https:\/\/limcologistics.com\/es\/formulario-de-pago-ach-imprimible\/\",\"url\":\"https:\/\/limcologistics.com\/es\/formulario-de-pago-ach-imprimible\/\",\"name\":\"Formulario de pago ACH - Limcologistics\",\"isPartOf\":{\"@id\":\"https:\/\/limcologistics.com\/es\/#website\"},\"datePublished\":\"2023-12-21T17:44:18+00:00\",\"dateModified\":\"2024-01-24T17:49:28+00:00\",\"description\":\"Gracias por elegir Limco Logistics para sus necesidades de pago. Ofrecemos las mejores tarifas de env\u00edo internacional.\",\"breadcrumb\":{\"@id\":\"https:\/\/limcologistics.com\/es\/formulario-de-pago-ach-imprimible\/#breadcrumb\"},\"inLanguage\":\"es\",\"potentialAction\":[{\"@type\":\"ReadAction\",\"target\":[\"https:\/\/limcologistics.com\/es\/formulario-de-pago-ach-imprimible\/\"]}]},{\"@type\":\"BreadcrumbList\",\"@id\":\"https:\/\/limcologistics.com\/es\/formulario-de-pago-ach-imprimible\/#breadcrumb\",\"itemListElement\":[{\"@type\":\"ListItem\",\"position\":1,\"name\":\"Home\",\"item\":\"https:\/\/limcologistics.com\/es\/\"},{\"@type\":\"ListItem\",\"position\":2,\"name\":\"Formulario de pago ACH\"}]},{\"@type\":\"WebSite\",\"@id\":\"https:\/\/limcologistics.com\/es\/#website\",\"url\":\"https:\/\/limcologistics.com\/es\/\",\"name\":\"Limcologistics\",\"description\":\"\",\"publisher\":{\"@id\":\"https:\/\/limcologistics.com\/es\/#organization\"},\"potentialAction\":[{\"@type\":\"SearchAction\",\"target\":{\"@type\":\"EntryPoint\",\"urlTemplate\":\"https:\/\/limcologistics.com\/es\/?s={search_term_string}\"},\"query-input\":{\"@type\":\"PropertyValueSpecification\",\"valueRequired\":true,\"valueName\":\"search_term_string\"}}],\"inLanguage\":\"es\"},{\"@type\":\"Organization\",\"@id\":\"https:\/\/limcologistics.com\/es\/#organization\",\"name\":\"Limcologistics\",\"url\":\"https:\/\/limcologistics.com\/es\/\",\"logo\":{\"@type\":\"ImageObject\",\"inLanguage\":\"es\",\"@id\":\"https:\/\/limcologistics.com\/es\/#\/schema\/logo\/image\/\",\"url\":\"https:\/\/limcologistics.com\/wp-content\/uploads\/2024\/01\/logo-blue-1.svg\",\"contentUrl\":\"https:\/\/limcologistics.com\/wp-content\/uploads\/2024\/01\/logo-blue-1.svg\",\"width\":195,\"height\":45,\"caption\":\"Limcologistics\"},\"image\":{\"@id\":\"https:\/\/limcologistics.com\/es\/#\/schema\/logo\/image\/\"},\"sameAs\":[\"https:\/\/www.facebook.com\/limcologistics\",\"https:\/\/x.com\/limcologistics\",\"https:\/\/www.linkedin.com\/company\/limcologistics\",\"https:\/\/www.youtube.com\/user\/limcologistics\"]}]}<\/script>\n<!-- \/ Yoast SEO plugin. -->","yoast_head_json":{"title":"Formulario de pago ACH - Limcologistics","description":"Gracias por elegir Limco Logistics para sus necesidades de pago. Ofrecemos las mejores tarifas de env\u00edo internacional.","robots":{"index":"index","follow":"follow","max-snippet":"max-snippet:-1","max-image-preview":"max-image-preview:large","max-video-preview":"max-video-preview:-1"},"canonical":"https:\/\/limcologistics.com\/es\/formulario-de-pago-ach-imprimible\/","og_locale":"es_ES","og_type":"article","og_title":"Formulario de pago ACH - Limcologistics","og_description":"Gracias por elegir Limco Logistics para sus necesidades de pago. Ofrecemos las mejores tarifas de env\u00edo internacional.","og_url":"https:\/\/limcologistics.com\/es\/formulario-de-pago-ach-imprimible\/","og_site_name":"Limcologistics","article_publisher":"https:\/\/www.facebook.com\/limcologistics","article_modified_time":"2024-01-24T17:49:28+00:00","twitter_card":"summary_large_image","twitter_site":"@limcologistics","schema":{"@context":"https:\/\/schema.org","@graph":[{"@type":"WebPage","@id":"https:\/\/limcologistics.com\/es\/formulario-de-pago-ach-imprimible\/","url":"https:\/\/limcologistics.com\/es\/formulario-de-pago-ach-imprimible\/","name":"Formulario de pago ACH - Limcologistics","isPartOf":{"@id":"https:\/\/limcologistics.com\/es\/#website"},"datePublished":"2023-12-21T17:44:18+00:00","dateModified":"2024-01-24T17:49:28+00:00","description":"Gracias por elegir Limco Logistics para sus necesidades de pago. Ofrecemos las mejores tarifas de env\u00edo internacional.","breadcrumb":{"@id":"https:\/\/limcologistics.com\/es\/formulario-de-pago-ach-imprimible\/#breadcrumb"},"inLanguage":"es","potentialAction":[{"@type":"ReadAction","target":["https:\/\/limcologistics.com\/es\/formulario-de-pago-ach-imprimible\/"]}]},{"@type":"BreadcrumbList","@id":"https:\/\/limcologistics.com\/es\/formulario-de-pago-ach-imprimible\/#breadcrumb","itemListElement":[{"@type":"ListItem","position":1,"name":"Home","item":"https:\/\/limcologistics.com\/es\/"},{"@type":"ListItem","position":2,"name":"Formulario de pago ACH"}]},{"@type":"WebSite","@id":"https:\/\/limcologistics.com\/es\/#website","url":"https:\/\/limcologistics.com\/es\/","name":"Limcologistics","description":"","publisher":{"@id":"https:\/\/limcologistics.com\/es\/#organization"},"potentialAction":[{"@type":"SearchAction","target":{"@type":"EntryPoint","urlTemplate":"https:\/\/limcologistics.com\/es\/?s={search_term_string}"},"query-input":{"@type":"PropertyValueSpecification","valueRequired":true,"valueName":"search_term_string"}}],"inLanguage":"es"},{"@type":"Organization","@id":"https:\/\/limcologistics.com\/es\/#organization","name":"Limcologistics","url":"https:\/\/limcologistics.com\/es\/","logo":{"@type":"ImageObject","inLanguage":"es","@id":"https:\/\/limcologistics.com\/es\/#\/schema\/logo\/image\/","url":"https:\/\/limcologistics.com\/wp-content\/uploads\/2024\/01\/logo-blue-1.svg","contentUrl":"https:\/\/limcologistics.com\/wp-content\/uploads\/2024\/01\/logo-blue-1.svg","width":195,"height":45,"caption":"Limcologistics"},"image":{"@id":"https:\/\/limcologistics.com\/es\/#\/schema\/logo\/image\/"},"sameAs":["https:\/\/www.facebook.com\/limcologistics","https:\/\/x.com\/limcologistics","https:\/\/www.linkedin.com\/company\/limcologistics","https:\/\/www.youtube.com\/user\/limcologistics"]}]}},"_links":{"self":[{"href":"https:\/\/limcologistics.com\/es\/wp-json\/wp\/v2\/pages\/922","targetHints":{"allow":["GET"]}}],"collection":[{"href":"https:\/\/limcologistics.com\/es\/wp-json\/wp\/v2\/pages"}],"about":[{"href":"https:\/\/limcologistics.com\/es\/wp-json\/wp\/v2\/types\/page"}],"author":[{"embeddable":true,"href":"https:\/\/limcologistics.com\/es\/wp-json\/wp\/v2\/users\/1"}],"replies":[{"embeddable":true,"href":"https:\/\/limcologistics.com\/es\/wp-json\/wp\/v2\/comments?post=922"}],"version-history":[{"count":7,"href":"https:\/\/limcologistics.com\/es\/wp-json\/wp\/v2\/pages\/922\/revisions"}],"predecessor-version":[{"id":1933,"href":"https:\/\/limcologistics.com\/es\/wp-json\/wp\/v2\/pages\/922\/revisions\/1933"}],"wp:attachment":[{"href":"https:\/\/limcologistics.com\/es\/wp-json\/wp\/v2\/media?parent=922"}],"curies":[{"name":"wp","href":"https:\/\/api.w.org\/{rel}","templated":true}]}}