{"id":4160,"date":"2023-12-06T10:12:22","date_gmt":"2023-12-06T10:12:22","guid":{"rendered":"https:\/\/limcologistics.com\/?page_id=4160"},"modified":"2024-07-26T07:20:11","modified_gmt":"2024-07-26T07:20:11","slug":"politica-de-privacidad","status":"publish","type":"page","link":"https:\/\/limcologistics.com\/es\/politica-de-privacidad\/","title":{"rendered":"Pol\u00edtica de privacidad"},"content":{"rendered":"<div class=\"wcl-container wcl-gutenberg-wrapper\">\n<h2 class=\"wp-block-heading\"><strong>Pol\u00edtica de privacidad para la comunicaci\u00f3n por SMS<\/strong><\/h2>\n<\/div><div class=\"wcl-container wcl-gutenberg-wrapper\">\n<h2 class=\"wp-block-heading\"><strong><strong>Fecha de entrada en vigor:<\/strong> 25 de julio de 2024<\/strong><\/h2>\n<\/div><div class=\"wcl-container wcl-gutenberg-wrapper\">\n<h3 class=\"wp-block-heading\"><strong>1. Introducci\u00f3n<\/strong><\/h3>\n<\/div><div class=\"wcl-container wcl-gutenberg-wrapper\">\n<p>Limco Logistics Inc. (\u00abnosotros\u00bb, \u00abnuestro\u00bb o \u00abnos\u00bb) valora su privacidad y se compromete a proteger su informaci\u00f3n personal. Esta Pol\u00edtica de privacidad describe c\u00f3mo recopilamos, utilizamos y protegemos su informaci\u00f3n en relaci\u00f3n con nuestros servicios de comunicaci\u00f3n por SMS.<\/p>\n<\/div><div class=\"wcl-container wcl-gutenberg-wrapper\">\n<h3 class=\"wp-block-heading\"><strong>2. Informaci\u00f3n que recopilamos<\/strong><\/h3>\n<\/div><div class=\"wcl-container wcl-gutenberg-wrapper\">\n<p>Cuando usted opta por recibir mensajes SMS de Limco Logistics Inc, podemos recopilar la siguiente informaci\u00f3n:<\/p>\n<\/div><div class=\"wcl-container wcl-gutenberg-wrapper\">\n<ul class=\"wp-block-list\">\n<li>Su n\u00famero de tel\u00e9fono m\u00f3vil<\/li>\n\n\n\n<li>Su consentimiento para recibir mensajes SMS<\/li>\n\n\n\n<li>Cualquier mensaje enviado o recibido como parte de la comunicaci\u00f3n SMS<\/li>\n<\/ul>\n<\/div><div class=\"wcl-container wcl-gutenberg-wrapper\">\n<h3 class=\"wp-block-heading\"><strong>3. Uso de la informaci\u00f3n<\/strong><\/h3>\n<\/div><div class=\"wcl-container wcl-gutenberg-wrapper\">\n<p>La informaci\u00f3n recogida se utilizar\u00e1 para los siguientes fines:<\/p>\n<\/div><div class=\"wcl-container wcl-gutenberg-wrapper\">\n<ul class=\"wp-block-list\">\n<li>Para enviarle mensajes SMS relacionados con nuestros servicios, promociones y actualizaciones.<\/li>\n\n\n\n<li>Gestionar y garantizar el cumplimiento de la normativa sobre comunicaci\u00f3n por SMS<\/li>\n\n\n\n<li>Para mejorar nuestra comunicaci\u00f3n y nuestra oferta de servicios<\/li>\n<\/ul>\n<\/div><div class=\"wcl-container wcl-gutenberg-wrapper\">\n<h3 class=\"wp-block-heading\"><strong>4. Intercambio de informaci\u00f3n<\/strong><\/h3>\n<\/div><div class=\"wcl-container wcl-gutenberg-wrapper\">\n<p>No vendemos, comerciamos ni transferimos de ning\u00fan otro modo su informaci\u00f3n personal a terceros, salvo en la medida en que sea necesario para cumplir requisitos legales. Podemos compartir su informaci\u00f3n con terceros proveedores de servicios de confianza que nos ayudan a operar nuestros servicios de comunicaci\u00f3n por SMS, siempre que se comprometan a mantener la confidencialidad de esta informaci\u00f3n.<\/p>\n<\/div><div class=\"wcl-container wcl-gutenberg-wrapper\">\n<h3 class=\"wp-block-heading\"><strong>5. Seguridad de los datos<\/strong><\/h3>\n<\/div><div class=\"wcl-container wcl-gutenberg-wrapper\">\n<p>Aplicamos diversas medidas de seguridad para mantener la seguridad de su informaci\u00f3n personal. Su informaci\u00f3n se almacena en redes seguras y s\u00f3lo puede acceder a ella un n\u00famero limitado de personas con derechos especiales de acceso a dichos sistemas.<\/p>\n<\/div><div class=\"wcl-container wcl-gutenberg-wrapper\">\n<h3 class=\"wp-block-heading\"><strong>6. Su consentimiento<\/strong><\/h3>\n<\/div><div class=\"wcl-container wcl-gutenberg-wrapper\">\n<p>Al optar por recibir mensajes SMS de Limco Logistics Inc. usted acepta esta Pol\u00edtica de Privacidad. Si desea darse de baja en cualquier momento, puede hacerlo siguiendo las instrucciones proporcionadas en el mensaje SMS o poni\u00e9ndose en contacto con nosotros directamente.<\/p>\n<\/div><div class=\"wcl-container wcl-gutenberg-wrapper\">\n<h3 class=\"wp-block-heading\"><strong>7. Cambios en nuestra pol\u00edtica de privacidad<\/strong><\/h3>\n<\/div><div class=\"wcl-container wcl-gutenberg-wrapper\">\n<p>Limco Logistics Inc. se reserva el derecho de actualizar o modificar esta Pol\u00edtica de Privacidad en cualquier momento. Cualquier cambio se publicar\u00e1 en esta p\u00e1gina y la fecha de entrada en vigor se actualizar\u00e1 en consecuencia.<\/p>\n<\/div><div class=\"wcl-container wcl-gutenberg-wrapper\">\n<h3 class=\"wp-block-heading\"><strong>8. Contacto<\/strong><\/h3>\n<\/div><div class=\"wcl-container wcl-gutenberg-wrapper\">\n<p>Si tiene alguna pregunta o duda sobre esta Pol\u00edtica de Privacidad o nuestras pr\u00e1cticas de datos, p\u00f3ngase en contacto con nosotros en:<\/p>\n<\/div><div class=\"wcl-container wcl-gutenberg-wrapper\">\n<p>\n Limco Logistics Inc.<br\/>12550 Biscayne Blvd Suite 606 Miami, FL 33181<br\/><a href=\"mailto:info@limcologistics.com\"><u>info@limcologistics.com<\/u><\/a><br\/>Tel: <a href=\"tel:+13058995100\"><u>+13058995100<\/u><\/a> \n<\/p>\n<\/div>","protected":false},"excerpt":{"rendered":"<p>Pol\u00edtica de privacidad para la comunicaci\u00f3n por SMS Fecha de entrada en vigor: 25 de julio de 2024 1. Introducci\u00f3n Limco Logistics Inc. (\u00abnosotros\u00bb, \u00abnuestro\u00bb o \u00abnos\u00bb) valora su privacidad y se compromete a proteger su informaci\u00f3n personal. Esta Pol\u00edtica de privacidad describe c\u00f3mo recopilamos, utilizamos y protegemos su informaci\u00f3n en relaci\u00f3n con nuestros servicios&#8230;<\/p>\n","protected":false},"author":1,"featured_media":0,"parent":0,"menu_order":0,"comment_status":"closed","ping_status":"open","template":"","meta":{"_acf_changed":false,"inline_featured_image":false,"footnotes":""},"class_list":["post-4160","page","type-page","status-publish","hentry"],"acf":[],"yoast_head":"<!-- This site is optimized with the Yoast SEO plugin v27.2 - https:\/\/yoast.com\/product\/yoast-seo-wordpress\/ -->\n<title>Pol\u00edtica de privacidad - Limcologistics<\/title>\n<meta name=\"robots\" content=\"index, follow, max-snippet:-1, max-image-preview:large, max-video-preview:-1\" \/>\n<link rel=\"canonical\" href=\"https:\/\/limcologistics.com\/es\/politica-de-privacidad\/\" \/>\n<meta property=\"og:locale\" content=\"es_ES\" \/>\n<meta property=\"og:type\" content=\"article\" \/>\n<meta property=\"og:title\" content=\"Pol\u00edtica de privacidad - Limcologistics\" \/>\n<meta property=\"og:description\" content=\"Pol\u00edtica de privacidad para la comunicaci\u00f3n por SMS Fecha de entrada en vigor: 25 de julio de 2024 1. Introducci\u00f3n Limco Logistics Inc. (\u00abnosotros\u00bb, \u00abnuestro\u00bb o \u00abnos\u00bb) valora su privacidad y se compromete a proteger su informaci\u00f3n personal. Esta Pol\u00edtica de privacidad describe c\u00f3mo recopilamos, utilizamos y protegemos su informaci\u00f3n en relaci\u00f3n con nuestros servicios...\" \/>\n<meta property=\"og:url\" content=\"https:\/\/limcologistics.com\/es\/politica-de-privacidad\/\" \/>\n<meta property=\"og:site_name\" content=\"Limcologistics\" \/>\n<meta property=\"article:publisher\" content=\"https:\/\/www.facebook.com\/limcologistics\" \/>\n<meta property=\"article:modified_time\" content=\"2024-07-26T07:20:11+00:00\" \/>\n<meta name=\"twitter:card\" content=\"summary_large_image\" \/>\n<meta name=\"twitter:site\" content=\"@limcologistics\" \/>\n<script type=\"application\/ld+json\" class=\"yoast-schema-graph\">{\"@context\":\"https:\/\/schema.org\",\"@graph\":[{\"@type\":\"WebPage\",\"@id\":\"https:\/\/limcologistics.com\/es\/politica-de-privacidad\/\",\"url\":\"https:\/\/limcologistics.com\/es\/politica-de-privacidad\/\",\"name\":\"Pol\u00edtica de privacidad - Limcologistics\",\"isPartOf\":{\"@id\":\"https:\/\/limcologistics.com\/es\/#website\"},\"datePublished\":\"2023-12-06T10:12:22+00:00\",\"dateModified\":\"2024-07-26T07:20:11+00:00\",\"breadcrumb\":{\"@id\":\"https:\/\/limcologistics.com\/es\/politica-de-privacidad\/#breadcrumb\"},\"inLanguage\":\"es\",\"potentialAction\":[{\"@type\":\"ReadAction\",\"target\":[\"https:\/\/limcologistics.com\/es\/politica-de-privacidad\/\"]}]},{\"@type\":\"BreadcrumbList\",\"@id\":\"https:\/\/limcologistics.com\/es\/politica-de-privacidad\/#breadcrumb\",\"itemListElement\":[{\"@type\":\"ListItem\",\"position\":1,\"name\":\"Home\",\"item\":\"https:\/\/limcologistics.com\/es\/\"},{\"@type\":\"ListItem\",\"position\":2,\"name\":\"Pol\u00edtica de privacidad\"}]},{\"@type\":\"WebSite\",\"@id\":\"https:\/\/limcologistics.com\/es\/#website\",\"url\":\"https:\/\/limcologistics.com\/es\/\",\"name\":\"Limcologistics\",\"description\":\"\",\"publisher\":{\"@id\":\"https:\/\/limcologistics.com\/es\/#organization\"},\"potentialAction\":[{\"@type\":\"SearchAction\",\"target\":{\"@type\":\"EntryPoint\",\"urlTemplate\":\"https:\/\/limcologistics.com\/es\/?s={search_term_string}\"},\"query-input\":{\"@type\":\"PropertyValueSpecification\",\"valueRequired\":true,\"valueName\":\"search_term_string\"}}],\"inLanguage\":\"es\"},{\"@type\":\"Organization\",\"@id\":\"https:\/\/limcologistics.com\/es\/#organization\",\"name\":\"Limcologistics\",\"url\":\"https:\/\/limcologistics.com\/es\/\",\"logo\":{\"@type\":\"ImageObject\",\"inLanguage\":\"es\",\"@id\":\"https:\/\/limcologistics.com\/es\/#\/schema\/logo\/image\/\",\"url\":\"https:\/\/limcologistics.com\/wp-content\/uploads\/2024\/01\/logo-blue-1.svg\",\"contentUrl\":\"https:\/\/limcologistics.com\/wp-content\/uploads\/2024\/01\/logo-blue-1.svg\",\"width\":195,\"height\":45,\"caption\":\"Limcologistics\"},\"image\":{\"@id\":\"https:\/\/limcologistics.com\/es\/#\/schema\/logo\/image\/\"},\"sameAs\":[\"https:\/\/www.facebook.com\/limcologistics\",\"https:\/\/x.com\/limcologistics\",\"https:\/\/www.linkedin.com\/company\/limcologistics\",\"https:\/\/www.youtube.com\/user\/limcologistics\"]}]}<\/script>\n<!-- \/ Yoast SEO plugin. -->","yoast_head_json":{"title":"Pol\u00edtica de privacidad - Limcologistics","robots":{"index":"index","follow":"follow","max-snippet":"max-snippet:-1","max-image-preview":"max-image-preview:large","max-video-preview":"max-video-preview:-1"},"canonical":"https:\/\/limcologistics.com\/es\/politica-de-privacidad\/","og_locale":"es_ES","og_type":"article","og_title":"Pol\u00edtica de privacidad - Limcologistics","og_description":"Pol\u00edtica de privacidad para la comunicaci\u00f3n por SMS Fecha de entrada en vigor: 25 de julio de 2024 1. Introducci\u00f3n Limco Logistics Inc. (\u00abnosotros\u00bb, \u00abnuestro\u00bb o \u00abnos\u00bb) valora su privacidad y se compromete a proteger su informaci\u00f3n personal. Esta Pol\u00edtica de privacidad describe c\u00f3mo recopilamos, utilizamos y protegemos su informaci\u00f3n en relaci\u00f3n con nuestros servicios...","og_url":"https:\/\/limcologistics.com\/es\/politica-de-privacidad\/","og_site_name":"Limcologistics","article_publisher":"https:\/\/www.facebook.com\/limcologistics","article_modified_time":"2024-07-26T07:20:11+00:00","twitter_card":"summary_large_image","twitter_site":"@limcologistics","schema":{"@context":"https:\/\/schema.org","@graph":[{"@type":"WebPage","@id":"https:\/\/limcologistics.com\/es\/politica-de-privacidad\/","url":"https:\/\/limcologistics.com\/es\/politica-de-privacidad\/","name":"Pol\u00edtica de privacidad - Limcologistics","isPartOf":{"@id":"https:\/\/limcologistics.com\/es\/#website"},"datePublished":"2023-12-06T10:12:22+00:00","dateModified":"2024-07-26T07:20:11+00:00","breadcrumb":{"@id":"https:\/\/limcologistics.com\/es\/politica-de-privacidad\/#breadcrumb"},"inLanguage":"es","potentialAction":[{"@type":"ReadAction","target":["https:\/\/limcologistics.com\/es\/politica-de-privacidad\/"]}]},{"@type":"BreadcrumbList","@id":"https:\/\/limcologistics.com\/es\/politica-de-privacidad\/#breadcrumb","itemListElement":[{"@type":"ListItem","position":1,"name":"Home","item":"https:\/\/limcologistics.com\/es\/"},{"@type":"ListItem","position":2,"name":"Pol\u00edtica de privacidad"}]},{"@type":"WebSite","@id":"https:\/\/limcologistics.com\/es\/#website","url":"https:\/\/limcologistics.com\/es\/","name":"Limcologistics","description":"","publisher":{"@id":"https:\/\/limcologistics.com\/es\/#organization"},"potentialAction":[{"@type":"SearchAction","target":{"@type":"EntryPoint","urlTemplate":"https:\/\/limcologistics.com\/es\/?s={search_term_string}"},"query-input":{"@type":"PropertyValueSpecification","valueRequired":true,"valueName":"search_term_string"}}],"inLanguage":"es"},{"@type":"Organization","@id":"https:\/\/limcologistics.com\/es\/#organization","name":"Limcologistics","url":"https:\/\/limcologistics.com\/es\/","logo":{"@type":"ImageObject","inLanguage":"es","@id":"https:\/\/limcologistics.com\/es\/#\/schema\/logo\/image\/","url":"https:\/\/limcologistics.com\/wp-content\/uploads\/2024\/01\/logo-blue-1.svg","contentUrl":"https:\/\/limcologistics.com\/wp-content\/uploads\/2024\/01\/logo-blue-1.svg","width":195,"height":45,"caption":"Limcologistics"},"image":{"@id":"https:\/\/limcologistics.com\/es\/#\/schema\/logo\/image\/"},"sameAs":["https:\/\/www.facebook.com\/limcologistics","https:\/\/x.com\/limcologistics","https:\/\/www.linkedin.com\/company\/limcologistics","https:\/\/www.youtube.com\/user\/limcologistics"]}]}},"_links":{"self":[{"href":"https:\/\/limcologistics.com\/es\/wp-json\/wp\/v2\/pages\/4160","targetHints":{"allow":["GET"]}}],"collection":[{"href":"https:\/\/limcologistics.com\/es\/wp-json\/wp\/v2\/pages"}],"about":[{"href":"https:\/\/limcologistics.com\/es\/wp-json\/wp\/v2\/types\/page"}],"author":[{"embeddable":true,"href":"https:\/\/limcologistics.com\/es\/wp-json\/wp\/v2\/users\/1"}],"replies":[{"embeddable":true,"href":"https:\/\/limcologistics.com\/es\/wp-json\/wp\/v2\/comments?post=4160"}],"version-history":[{"count":2,"href":"https:\/\/limcologistics.com\/es\/wp-json\/wp\/v2\/pages\/4160\/revisions"}],"predecessor-version":[{"id":4163,"href":"https:\/\/limcologistics.com\/es\/wp-json\/wp\/v2\/pages\/4160\/revisions\/4163"}],"wp:attachment":[{"href":"https:\/\/limcologistics.com\/es\/wp-json\/wp\/v2\/media?parent=4160"}],"curies":[{"name":"wp","href":"https:\/\/api.w.org\/{rel}","templated":true}]}}