{"id":1233,"date":"2024-01-11T10:39:22","date_gmt":"2024-01-11T10:39:22","guid":{"rendered":"https:\/\/limcologistics.com\/servicios\/"},"modified":"2024-02-23T08:06:57","modified_gmt":"2024-02-23T08:06:57","slug":"servicios","status":"publish","type":"page","link":"https:\/\/limcologistics.com\/es\/servicios\/","title":{"rendered":"Servicios"},"content":{"rendered":"\n\t<section class=\"wcl-simple-banner\">\n\t\t<div class=\"wcl-container\">\n\t\t\t<div class=\"row\">\n\t\t\t\t\t\t\t\t<div class=\"col-12\">\n\n\t\t\t\t\t<h1 class=\"data-title\">Servicios<\/h1>\n\t\t\t\t\t<div class=\"data-bubbles\">\n\t\t\t\t\t\t<div class=\"data-bubble data-bubble-small data-bubble-small-1\"><\/div>\n\t\t\t\t\t\t<div class=\"data-bubble data-bubble-small-50 data-bubble-small-2\"><\/div>\n\t\t\t\t\t\t<div class=\"data-bubble data-bubble-medium-50 data-bubble-medium-1\"><\/div>\n\t\t\t\t\t<\/div>\n\t\t\t\t<\/div>\n\t\t\t<\/div>\n\t\t<\/div>\n\t\t<div id=\"wcl-quote-form-wrapper\">\n\t<div id=\"wcl-quote-form-section\">\n\t\t<div class=\"wcl-container\">\n\t\t\t<div class=\"row\">\n\t\t\t\t<div class=\"col-12\">\n\t\t\t\t\t<form class=\"wcl-form wcl-quote-form\">\n\n\t\t\t\t\t\t<input type=\"hidden\" id=\"wcl_submit_form_wpnonce\" name=\"wcl_submit_form_wpnonce\" value=\"72acbc0d3d\" \/><input type=\"hidden\" name=\"_wp_http_referer\" value=\"\/es\/wp-json\/wp\/v2\/pages\/1233\" \/>\n\t\t\t\t\t\t<div class=\"data-tabs\">\n\t\t\t\t\t\t\t<div class=\"data-tab active\" data-tab=\"ocean-fcl\">\n\t\t\t\t\t\t\t\t<i class=\"wcl-icon-ocean-fcl\"><\/i>\n\t\t\t\t\t\t\t\tFCL mar\u00edtimo\t\t\t\t\t\t\t<\/div>\n\t\t\t\t\t\t\t<div class=\"data-tab\" data-tab=\"ocean-lcl\">\n\t\t\t\t\t\t\t\t<i class=\"wcl-icon-ocean-lcl\"><\/i>\n\t\t\t\t\t\t\t\tLCL mar\u00edtimo\t\t\t\t\t\t\t<\/div>\n\t\t\t\t\t\t\t<div class=\"data-tab\" data-tab=\"ocean-roro\">\n\t\t\t\t\t\t\t\t<i class=\"wcl-icon-ship\"><\/i>\n\t\t\t\t\t\t\t\tOc\u00e9ano RORO\t\t\t\t\t\t\t<\/div>\n\t\t\t\t\t\t\t<div class=\"data-tab\" data-tab=\"car-shipping\">\n\t\t\t\t\t\t\t\t<i class=\"wcl-icon-car\"><\/i>\n\t\t\t\t\t\t\t\tEnv\u00edo de coches\t\t\t\t\t\t\t<\/div>\n\t\t\t\t\t\t\t<div class=\"data-tab\" data-tab=\"air\">\n\t\t\t\t\t\t\t\t<i class=\"wcl-icon-air\"><\/i>\n\t\t\t\t\t\t\t\tA\u00e9reo\t\t\t\t\t\t\t<\/div>\n\t\t\t\t\t\t<\/div>\n\n\t\t\t\t\t\t<div class=\"data-tabs-wrapper\">\n\t\t\t\t\t\t\t<div class=\"data-tab-content\">\n\t<div class=\"data-content-wrapper\">\n\t\t<div class=\"data-column-wrapper\">\n\t\t\t<div class=\"data-column\">\n\t\t\t\t<div class=\"data-label\">\n\t\t\t\t\t<i class=\"wcl-icon-globe\"><\/i>\n\t\t\t\t\tLugar de env\u00edo\t\t\t\t<\/div>\n\t\t\t\t<input type=\"text\" name=\"origin\" id=\"origin-input\" autocomplete=\"__away\" class=\"data-input\"\n\t\t\t\t\taria-label=\"places\" data-selected=\"0\"\n\t\t\t\t\tplaceholder=\"Lugar de expedici\u00f3n de los FCL oce\u00e1nicos\">\n\t\t\t\t<div class=\"data-submenu\">\n\t\t\t\t\t<ul class=\"data-submenu-list\"><\/ul>\n\n\t\t\t\t\t<span class=\"spinner-border\" role=\"status\" aria-hidden=\"true\"><\/span>\n\t\t\t\t<\/div>\n\t\t\t<\/div>\n\t\t\t<div class=\"wcl-error-message js-column-error-message\"><\/div>\n\t\t<\/div>\n\n\t\t<div class=\"data-column-wrapper\">\n\t\t\t<div class=\"data-column\">\n\t\t\t\t<div class=\"data-label\">\n\t\t\t\t\t<i class=\"wcl-icon-globe\"><\/i>\n\t\t\t\t\tDestino\t\t\t\t<\/div>\n\t\t\t\t<input type=\"text\" name=\"destination\" id=\"destination-input\" autocomplete=\"__away\" class=\"data-input\"\n\t\t\t\t\taria-label=\"places\" data-selected=\"0\"\n\t\t\t\t\tplaceholder=\"Destino para Ocean FCL\">\n\t\t\t\t<div class=\"data-submenu\">\n\t\t\t\t\t<ul class=\"data-submenu-list\"> <\/ul>\n\t\t\t\t\t<span class=\"spinner-border\" role=\"status\" aria-hidden=\"true\"><\/span>\n\t\t\t\t<\/div>\n\t\t\t<\/div>\n\t\t\t<div class=\"wcl-error-message js-column-error-message\"><\/div>\n\t\t<\/div>\n\n\t\t<div class=\"data-column-wrapper\">\n\t\t\t<div class=\"data-column\">\n\t\t\t\t<div class=\"data-label\">\n\t\t\t\t\t<i class=\"wcl-icon-box\"><\/i>\n\t\t\t\t\tCarga\t\t\t\t<\/div>\n\t\t\t\t<input type=\"text\" name=\"cargo-details\" id=\"cargo-details\" autocomplete=\"off\" class=\"data-input\"\n\t\t\t\t\tplaceholder=\"Detalles de la carga\" readonly>\n\n\t\t\t\t<div class=\"data-modal\" id=\"cargo-details-modal\" style=\"display: none;\">\n\t\t\t\t\t<div class=\"data-modal-wrapper\">\n\t\t\t\t\t\t<div class=\"data-fields-fcl\">\n\n\t<div class=\"data-select data-select--serviceType\">\n\t\t<div class=\"data-label\">\n\t\t\tTipo de servicio\t\t<\/div>\n\t\t<select name=\"service_type\" id=\"service_type\" aria-label=\"service_type\">\n\t\t\t<option value=\"Door to Port\">\n\t\t\t\tDe Puerta a Puerto\t\t\t<\/option>\n\t\t\t<option value=\"Port to Port\">\n\t\t\t\tDe puerto a puerto\t\t\t<\/option>\n\t\t\t<option value=\"Port to Door\">\n\t\t\t\tDel puerto a la puerta\t\t\t<\/option>\n\t\t<\/select>\n\t<\/div>\n\n\t<div class=\"data-wrapper-containers\">\n\t\t<div class=\"data-fields-wrapper\">\n\t\t\t<div class=\"data-inputs\">\n\t\t\t\t\n<div class=\"data-input-row cargo-input-group\" data-num=\"1\">\n\t<div class=\"data-select data-container-type\">\n\t\t<div class=\"data-label\">\n\t\t\tTipo de contenedor *\t\t<\/div>\n\t\t<select name=\"container_type_1\" id=\"container_type_1\" class=\"container-type-select\"\n\t\t\taria-label=\"container_type\">\n\t\t\t<option value=\"20ft\">\n\t\t\t\tContenedor 20 pies\t\t\t<\/option>\n\t\t\t<option value=\"40ft\">\n\t\t\t\tContenedor 40 pies\t\t\t<\/option>\n\t\t\t<option value=\"40hc\">\n\t\t\t\tContenedor 40 HC\t\t\t<\/option>\n\t\t\t<option value=\"40'hc\">\n\t\t\t\t40&#8242; HC Contenedor \t\t\t<\/option>\n\t\t\t<option value=\"20'std\">\n\t\t\t\t20&#8217;STD Contenedor \t\t\t<\/option>\n\t\t\t<option value=\"40'std\">\n\t\t\t\t40&#8217;STD Contenedor \t\t\t<\/option>\n\t\t\t<option value=\"20ot\" data-container=\"container-ot\">\n\t\t\t\t20 OT Contenedor \t\t\t<\/option>\n\t\t\t<option value=\"40'ot\" data-container=\"container-ot\">\n\t\t\t\t40&#8217;OT Contenedor \t\t\t<\/option>\n\t\t\t<option value=\"20'fr\" data-container=\"container-fr\">\n\t\t\t\t20&#8217;FR Contenedor \t\t\t<\/option>\n\t\t\t<option value=\"40'fr\" data-container=\"container-fr\">\n\t\t\t\t40&#8217;FR Contenedor \t\t\t<\/option>\n\t\t\t<option value=\"20'reefer\">\n\t\t\t\t20&#8242; REEFER\t\t\t<\/option>\n\t\t\t<option value=\"40'HcReefer\">\n\t\t\t\t40&#8217;HC REEFER\t\t\t<\/option>\n\t\t<\/select>\n\t<\/div>\n\t<div class=\"data-modal-input data-modal-input--qty\">\n\t\t<div class=\"data-label\">\n\t\t\tCtd *\t\t<\/div>\n\t\t<input type=\"number\" name=\"container_qty_1\" id=\"container_qty_1\" value=\"1\" min=\"1\"\n\t\t\tclass=\"data-input-number input-qty cargo-fcl-input\">\n\t<\/div>\n\n\t\n\t<div class=\"data-extra-wrapper\">\n\t\t<div class=\"data-extra\"><\/div>\n\n\t\t<div class=\"data-add-button wcl-button-wrapper\">\n\t\t\t<button type=\"button\" class=\"wcl-button js-add-extra-item-button\">\n\t\t\t\tA\u00f1adir elemento +\t\t\t<\/button>\n\t\t<\/div>\n\t<\/div>\n<\/div>\n\t\t\t<\/div>\n\t\n\t\t\t\n<div class=\"data-add-button wcl-button-wrapper\">\n\t<button type=\"button\" class=\"wcl-button js-add-item-button\" data-num=\"1\" data-method=\"fcl-container-type\">\n\t\t<i class=\"wcl-icon-plus\"><\/i>\n\t<\/button>\n\n\t<span class=\"spinner-border spinner-border-sm d-none\" role=\"status\" aria-hidden=\"true\"><\/span>\n<\/div>\t\t<\/div>\n\t<\/div>\n\n\n\n\t<div class=\"wcl-button-wrapper\">\n\t\t<button type=\"button\" class=\"wcl-button wcl-button-modal js-form-show-sidebar\">\n\t\t\tTarifas de b\u00fasqueda\t\t<\/button>\n\t<\/div>\n\n<\/div>\t\t\t\t\t<\/div>\n\t\t\t\t\t<div class=\"wcl-preloader\">\n\t<svg version=\"1.1\" id=\"L9\" xmlns=\"http:\/\/www.w3.org\/2000\/svg\" xmlns:xlink=\"http:\/\/www.w3.org\/1999\/xlink\" x=\"0px\"\n\t\ty=\"0px\" viewBox=\"0 0 100 100\" enable-background=\"new 0 0 0 0\" xml:space=\"preserve\">\n\t\t<path fill=\"#666\"\n\t\t\td=\"M73,50c0-12.7-10.3-23-23-23S27,37.3,27,50 M30.9,50c0-10.5,8.5-19.1,19.1-19.1S69.1,39.5,69.1,50\">\n\t\t\t<animateTransform attributeName=\"transform\" attributeType=\"XML\" type=\"rotate\" dur=\"1s\" from=\"0 50 50\"\n\t\t\t\tto=\"360 50 50\" repeatCount=\"indefinite\">\n\t\t\t<\/animateTransform>\n\t\t<\/path>\n\t<\/svg>\n<\/div>\t\t\t\t<\/div>\n\t\t\t<\/div>\n\t\t\t<div class=\"wcl-error-message js-column-error-message\"><\/div>\n\t\t<\/div>\n\t<\/div>\n<\/div>\n\t\t\t\t\t\t\t<div class=\"wcl-button-wrapper wcl-wrapper-search\">\n\t\t\t\t\t\t\t\t<button type=\"button\" class=\"wcl-button wcl-button-search js-form-show-sidebar\">\n\t\t\t\t\t\t\t\t\tTarifas de b\u00fasqueda\t\t\t\t\t\t\t\t<\/button>\n\t\t\t\t\t\t\t<\/div>\n\t\t\t\t\t\t<\/div>\n\n\t\t\t\t\t\t<div class=\"data-tabs-description\">\n\t\t\t\t\t\t\t\t\t\t\t\t\t<\/div>\n\n\t\t\t\t\t\t<div class=\"wcl-message\"><\/div>\n\n\n\t\t\t\t\t\t<div class=\"wcl-modal js-modal data-know-shipper\">\n\t\t\t\t\t\t\t<div class=\"wcl-modal-wrapper\">\n\t\t\t\t\t\t\t\t<div class=\"wcl-modal-card\">\n\t\t\t\t\t\t\t\t\t<div class=\"wcl-button-wrapper\">\n\t\t\t\t\t\t\t\t\t\t<button type=\"button\" class=\"wcl-button wcl-button-close js-modal-close\">\n\t\t\t\t\t\t\t\t\t\t\t<i class=\"wcl-icon-close\"><\/i>\n\t\t\t\t\t\t\t\t\t\t<\/button>\n\t\t\t\t\t\t\t\t\t<\/div>\n\t\t\t\t\t\t\t\t\t<div class=\"wcl-modal-content\">\n\t\t\t\t\t\t\t\t\t\t<div class=\"wcl-modal-title\">\n\t\t\t\t\t\t\t\t\t\t\t\u00bfQui\u00e9n es un expedidor conocido?\t\t\t\t\t\t\t\t\t\t<\/div>\n\t\t\t\t\t\t\t\t\t\t<div class=\"wcl-modal-info\">\n\t\t\t\t\t\t\t\t\t\t\t<p>\n\t\t\t\t\t\t\t\t\t\t\t\tUn expedidor conocido, especialmente en el transporte a\u00e9reo de mercanc\u00edas, se refiere a un individuo u organizaci\u00f3n que ha sido preseleccionado y aprobado por un transportista o agencia gubernamental como una fuente de env\u00edo de bajo riesgo.\t\t\t\t\t\t\t\t\t\t\t<\/p>\n\t\t\t\t\t\t\t\t\t\t\t<p>\n\t\t\t\t\t\t\t\t\t\t\t\tLa designaci\u00f3n de expedidor conocido permite a la persona u organizaci\u00f3n enviar mercanc\u00edas sin controles de seguridad adicionales en los aviones de pasajeros y de carga.\t\t\t\t\t\t\t\t\t\t\t<\/p>\n\t\t\t\t\t\t\t\t\t\t\t<p>\n\t\t\t\t\t\t\t\t\t\t\t\tTenga en cuenta que no necesita ser un Expedidor Conocido para reservar a trav\u00e9s de nuestra plataforma.\t\t\t\t\t\t\t\t\t\t\t<\/p>\n\t\t\t\t\t\t\t\t\t\t<\/div>\n\t\t\t\t\t\t\t\t\t<\/div>\n\t\t\t\t\t\t\t\t\t<div class=\"wcl-button-wrapper\">\n\t\t\t\t\t\t\t\t\t\t<button type=\"button\" class=\"wcl-button wcl-button-blue js-modal-close\">\n\t\t\t\t\t\t\t\t\t\t\tOK\t\t\t\t\t\t\t\t\t\t<\/button>\n\t\t\t\t\t\t\t\t\t<\/div>\n\t\t\t\t\t\t\t\t<\/div>\n\t\t\t\t\t\t\t<\/div>\n\t\t\t\t\t\t<\/div>\n\n\t\t\t\t\t\t<div class=\"data-sidebar-form\">\n\t<div class=\"data-wrapper\">\n\t\t<div class=\"data-form-submit\">\n\n\t\t\t<div class=\"wcl-button-wrapper\">\n\t\t\t\t<button type=\"button\" class=\"wcl-button wcl-button-close js-modal-close\">\n\t\t\t\t\t<i class=\"wcl-icon-close\"><\/i>\n\t\t\t\t<\/button>\n\t\t\t<\/div>\n\n\t\t\t<div class=\"data-form-title\">\n\t\t\t\tCalcule los gastos de env\u00edo\t\t\t<\/div>\n\n\t\t\t<div class=\"data-form-content\">\n\t\t\t\t<div class=\"data-field\">\n\t\t\t\t\t<input class=\"data-input\" type=\"text\" name=\"client_name\" id=\"client_name\"\n\t\t\t\t\t\tplaceholder=\"Nombre\">\n\t\t\t\t<\/div>\n\n\t\t\t\t<div class=\"data-field\">\n\t\t\t\t\t<input class=\"data-input\" type=\"tel\" name=\"client_phone\" id=\"client_phone\"\n\t\t\t\t\t\tplaceholder=\"Tel\u00e9fono\">\n\t\t\t\t<\/div>\n\n\t\t\t\t<div class=\"data-field\">\n\t\t\t\t\t<input class=\"data-input\" type=\"text\" name=\"client_company\" id=\"client_company\"\n\t\t\t\t\t\tplaceholder=\"Compa\u00f1\u00eda\">\n\t\t\t\t<\/div>\n\n\t\t\t\t<div class=\"data-field\">\n\t\t\t\t\t<input class=\"data-input\" type=\"email\" name=\"client_email\" id=\"client_email\"\n\t\t\t\t\t\tplaceholder=\"E-mail\">\n\t\t\t\t\t<div id=\"email-error-message\" class=\"error-message\"><\/div>\n\t\t\t\t<\/div>\n\n\t\t\t\t<div class=\"data-field\">\n\t\t\t\t\t<textarea class=\"data-input\" name=\"client_message\" id=\"client_message\"\n\t\t\t\t\t\tplaceholder=\"\u00bfQu\u00e9 env\u00eda?\"><\/textarea>\n\t\t\t\t<\/div>\n\t\t\t<\/div>\n\n\t\t\t<input type=\"hidden\" name=\"url\" value=\"https:\/\/limcologistics.com\/es\/servicios\/\">\n\n\t\t\t<div class=\"wcl-message\"><\/div>\n\n\t\t\t<span class=\"wcl-grecaptcha-info\">This site is protected by reCAPTCHA and the Google\n\t\t\t\t<a href=\"https:\/\/policies.google.com\/privacy\" target=\"_blank\" role=\"link\">Privacy Policy<\/a> and\n\t\t\t\t<a href=\"https:\/\/policies.google.com\/terms\" target=\"_blank\" role=\"link\">Terms of Service<\/a> apply.\n\t\t\t<\/span>\n\n\t\t\t<div class=\"wcl-button-wrapper\">\n\t\t\t\t<button type=\"button\" class=\"wcl-button wcl-button-blue js-button-submit\">\n\t\t\t\t\t<div class=\"data-text\">\n\t\t\t\t\t\tEnviar\t\t\t\t\t<\/div>\n\t\t\t\t\t<span class=\"spinner-border\" role=\"status\" aria-hidden=\"true\"><\/span>\n\t\t\t\t<\/button>\n\t\t\t<\/div>\n\t\t<\/div>\n\t<\/div>\n<\/div><div class=\"wcl-preloader\">\n\t<svg version=\"1.1\" id=\"L9\" xmlns=\"http:\/\/www.w3.org\/2000\/svg\" xmlns:xlink=\"http:\/\/www.w3.org\/1999\/xlink\" x=\"0px\"\n\t\ty=\"0px\" viewBox=\"0 0 100 100\" enable-background=\"new 0 0 0 0\" xml:space=\"preserve\">\n\t\t<path fill=\"#666\"\n\t\t\td=\"M73,50c0-12.7-10.3-23-23-23S27,37.3,27,50 M30.9,50c0-10.5,8.5-19.1,19.1-19.1S69.1,39.5,69.1,50\">\n\t\t\t<animateTransform attributeName=\"transform\" attributeType=\"XML\" type=\"rotate\" dur=\"1s\" from=\"0 50 50\"\n\t\t\t\tto=\"360 50 50\" repeatCount=\"indefinite\">\n\t\t\t<\/animateTransform>\n\t\t<\/path>\n\t<\/svg>\n<\/div>\t\t\t\t\t<\/form>\n\t\t\t\t<\/div>\n\t\t\t<\/div>\n\t\t<\/div>\n\t<\/div>\n<\/div>\t<\/section>\n\n\t\n\t\n\n<div class=\"wcl-container wcl-gutenberg-wrapper\">\n<p><strong>Limco Logistics, Inc.<\/strong>&nbsp;es una empresa de transporte y log\u00edstica internacional con sede en los EE.UU. Hemos ganado la confianza de nuestros clientes, ofreciendo soluciones de transporte por m\u00e1s de dos d\u00e9cadas. Con una amplia red en todo el mundo, somos capaces de entregar su carga a cualquier parte del mundo. Nuestros servicios vienen en todo medio de transporte: ferrocarril, carretera, mar y aire. Cada env\u00edo es manejado con la m\u00e1xima prioridad y nuestros servicios de clase mundial se har\u00e1 cargo de todas las necesidades de transporte de su mercanc\u00eda. Al elegirnos, usted elegir\u00e1 una empresa confiable que tiene sobre ella la responsabilidad de la carga, desde la recogida, la carga, la descarga y el procesamiento de sus mercanc\u00edas en los puertos y dep\u00f3sitos aduaneros. Usted puede sentarse y relajarse cuando usted da a su carga para el transporte en las manos seguras de Limco Log\u00edstics.<\/p>\n<\/div>\n\n<div class=\"wcl-container wcl-gutenberg-wrapper\">\n<p>Algunos aspectos destacados de los servicios de Limco.<\/p>\n<\/div>\n\n<div class=\"wcl-container wcl-gutenberg-wrapper\">\n<ul class=\"wp-block-list\">\n<li><strong>Transporte A\u00e9reo<\/strong>: Limco se asocia con las principales aerol\u00edneas del mundo. Sus mercanc\u00edas ser\u00e1n entregadas dentro del tiempo con su cobertura global. La seguridad de la carga tambi\u00e9n est\u00e1 garantizada.<\/li>\n\n\n\n<li><strong>Ferrocarril<\/strong>: A veces se necesita un medio de transporte para la entrega de m\u00faltiples bienes. Limco tiene buenas colaboraciones con sistema ferroviario para cumplir sus compromisos.<\/li>\n\n\n\n<li><strong>Art\u00edculos Fr\u00e1giles y peligrosos<\/strong>: Tomamos mucho cuidado en el manejo de dicha carga.<\/li>\n\n\n\n<li><strong>Flete Mar\u00edtimo<\/strong>: Limco es responsable de cargar su carga de manera segura en contenedores de transporte. Se ofrece casi todos los tipos de m\u00e9todos de carga de buques de contenedores.<\/li>\n\n\n\n<li><strong>Cargada en vivo (Live Load)<\/strong>&nbsp;: Un contenedor es enviado a su puerta durante un par de horas para cargar sus mercanc\u00edas. A continuaci\u00f3n, se trae de nuevo a la terminal de embarque.<\/li>\n\n\n\n<li><strong>Cargada de entrega y recogida (Drop off)<\/strong>&nbsp;: Este m\u00e9todo es el mismo que carga en vivo. La diferencia es que se le env\u00eda por 2-3 d\u00edas.<\/li>\n\n\n\n<li><strong>Almac\u00e9n o cargada en Terminal<\/strong>: Usted envi\u00f3 su carga a su almac\u00e9n m\u00e1s cercano desde donde se carga en contenedores y llevados hacia la terminal de transporte.<\/li>\n\n\n\n<li><strong>RORO<\/strong>: Utilizando el servicio de roll-off roll-on de Limco le dar\u00e1 la experiencia f\u00e1cil transporte de su veh\u00edculo o cualquier otro tipo de carga con ruedas, y\/o auto propulsada.<\/li>\n\n\n\n<li><strong>Servicios para carga Comercial o del hogar<\/strong>: Usted puede confiar Limco para env\u00edos parciales maritmos LCL (Less than Container Load) y de contenedores completos, FCL (Full Container Load). Si usted est\u00e1 cambiando la base internacional. Tambi\u00e9n sirve para la exportaci\u00f3n e importaci\u00f3n de carga comercial.<\/li>\n\n\n\n<li><strong>Gesti\u00f3n de la carga<\/strong>: Esta es otra de las caracter\u00edsticas de nuestros servicios. Nos aseguramos del buen funcionamiento de todo el proceso de transporte de su carga, hasta que se entrega correctamente<\/li>\n<\/ul>\n<\/div>","protected":false},"excerpt":{"rendered":"<p>Limco Logistics, Inc.&nbsp;es una empresa de transporte y log\u00edstica internacional con sede en los EE.UU. Hemos ganado la confianza de nuestros clientes, ofreciendo soluciones de transporte por m\u00e1s de dos d\u00e9cadas. Con una amplia red en todo el mundo, somos capaces de entregar su carga a cualquier parte del mundo. Nuestros servicios vienen en todo&#8230;<\/p>\n","protected":false},"author":1,"featured_media":0,"parent":0,"menu_order":0,"comment_status":"closed","ping_status":"closed","template":"","meta":{"_acf_changed":false,"inline_featured_image":false,"footnotes":""},"class_list":["post-1233","page","type-page","status-publish","hentry"],"acf":[],"yoast_head":"<!-- This site is optimized with the Yoast SEO plugin v27.2 - https:\/\/yoast.com\/product\/yoast-seo-wordpress\/ -->\n<title>Servicios - Limcologistics<\/title>\n<meta name=\"description\" content=\"Limco Logistics, Inc. es una empresa de transporte y log\u00edstica internacional con sede en los EE.UU.\" \/>\n<meta name=\"robots\" content=\"index, follow, max-snippet:-1, max-image-preview:large, max-video-preview:-1\" \/>\n<link rel=\"canonical\" href=\"https:\/\/limcologistics.com\/es\/servicios\/\" \/>\n<meta property=\"og:locale\" content=\"es_ES\" \/>\n<meta property=\"og:type\" content=\"article\" \/>\n<meta property=\"og:title\" content=\"Servicios - Limcologistics\" \/>\n<meta property=\"og:description\" content=\"Limco Logistics, Inc. es una empresa de transporte y log\u00edstica internacional con sede en los EE.UU.\" \/>\n<meta property=\"og:url\" content=\"https:\/\/limcologistics.com\/es\/servicios\/\" \/>\n<meta property=\"og:site_name\" content=\"Limcologistics\" \/>\n<meta property=\"article:publisher\" content=\"https:\/\/www.facebook.com\/limcologistics\" \/>\n<meta property=\"article:modified_time\" content=\"2024-02-23T08:06:57+00:00\" \/>\n<meta name=\"twitter:card\" content=\"summary_large_image\" \/>\n<meta name=\"twitter:site\" content=\"@limcologistics\" \/>\n<script type=\"application\/ld+json\" class=\"yoast-schema-graph\">{\"@context\":\"https:\/\/schema.org\",\"@graph\":[{\"@type\":\"WebPage\",\"@id\":\"https:\/\/limcologistics.com\/es\/servicios\/\",\"url\":\"https:\/\/limcologistics.com\/es\/servicios\/\",\"name\":\"Servicios - Limcologistics\",\"isPartOf\":{\"@id\":\"https:\/\/limcologistics.com\/es\/#website\"},\"datePublished\":\"2024-01-11T10:39:22+00:00\",\"dateModified\":\"2024-02-23T08:06:57+00:00\",\"description\":\"Limco Logistics, Inc. es una empresa de transporte y log\u00edstica internacional con sede en los EE.UU.\",\"breadcrumb\":{\"@id\":\"https:\/\/limcologistics.com\/es\/servicios\/#breadcrumb\"},\"inLanguage\":\"es\",\"potentialAction\":[{\"@type\":\"ReadAction\",\"target\":[\"https:\/\/limcologistics.com\/es\/servicios\/\"]}]},{\"@type\":\"BreadcrumbList\",\"@id\":\"https:\/\/limcologistics.com\/es\/servicios\/#breadcrumb\",\"itemListElement\":[{\"@type\":\"ListItem\",\"position\":1,\"name\":\"Home\",\"item\":\"https:\/\/limcologistics.com\/es\/\"},{\"@type\":\"ListItem\",\"position\":2,\"name\":\"Servicios\"}]},{\"@type\":\"WebSite\",\"@id\":\"https:\/\/limcologistics.com\/es\/#website\",\"url\":\"https:\/\/limcologistics.com\/es\/\",\"name\":\"Limcologistics\",\"description\":\"\",\"publisher\":{\"@id\":\"https:\/\/limcologistics.com\/es\/#organization\"},\"potentialAction\":[{\"@type\":\"SearchAction\",\"target\":{\"@type\":\"EntryPoint\",\"urlTemplate\":\"https:\/\/limcologistics.com\/es\/?s={search_term_string}\"},\"query-input\":{\"@type\":\"PropertyValueSpecification\",\"valueRequired\":true,\"valueName\":\"search_term_string\"}}],\"inLanguage\":\"es\"},{\"@type\":\"Organization\",\"@id\":\"https:\/\/limcologistics.com\/es\/#organization\",\"name\":\"Limcologistics\",\"url\":\"https:\/\/limcologistics.com\/es\/\",\"logo\":{\"@type\":\"ImageObject\",\"inLanguage\":\"es\",\"@id\":\"https:\/\/limcologistics.com\/es\/#\/schema\/logo\/image\/\",\"url\":\"https:\/\/limcologistics.com\/wp-content\/uploads\/2024\/01\/logo-blue-1.svg\",\"contentUrl\":\"https:\/\/limcologistics.com\/wp-content\/uploads\/2024\/01\/logo-blue-1.svg\",\"width\":195,\"height\":45,\"caption\":\"Limcologistics\"},\"image\":{\"@id\":\"https:\/\/limcologistics.com\/es\/#\/schema\/logo\/image\/\"},\"sameAs\":[\"https:\/\/www.facebook.com\/limcologistics\",\"https:\/\/x.com\/limcologistics\",\"https:\/\/www.linkedin.com\/company\/limcologistics\",\"https:\/\/www.youtube.com\/user\/limcologistics\"]}]}<\/script>\n<!-- \/ Yoast SEO plugin. -->","yoast_head_json":{"title":"Servicios - Limcologistics","description":"Limco Logistics, Inc. es una empresa de transporte y log\u00edstica internacional con sede en los EE.UU.","robots":{"index":"index","follow":"follow","max-snippet":"max-snippet:-1","max-image-preview":"max-image-preview:large","max-video-preview":"max-video-preview:-1"},"canonical":"https:\/\/limcologistics.com\/es\/servicios\/","og_locale":"es_ES","og_type":"article","og_title":"Servicios - Limcologistics","og_description":"Limco Logistics, Inc. es una empresa de transporte y log\u00edstica internacional con sede en los EE.UU.","og_url":"https:\/\/limcologistics.com\/es\/servicios\/","og_site_name":"Limcologistics","article_publisher":"https:\/\/www.facebook.com\/limcologistics","article_modified_time":"2024-02-23T08:06:57+00:00","twitter_card":"summary_large_image","twitter_site":"@limcologistics","schema":{"@context":"https:\/\/schema.org","@graph":[{"@type":"WebPage","@id":"https:\/\/limcologistics.com\/es\/servicios\/","url":"https:\/\/limcologistics.com\/es\/servicios\/","name":"Servicios - Limcologistics","isPartOf":{"@id":"https:\/\/limcologistics.com\/es\/#website"},"datePublished":"2024-01-11T10:39:22+00:00","dateModified":"2024-02-23T08:06:57+00:00","description":"Limco Logistics, Inc. es una empresa de transporte y log\u00edstica internacional con sede en los EE.UU.","breadcrumb":{"@id":"https:\/\/limcologistics.com\/es\/servicios\/#breadcrumb"},"inLanguage":"es","potentialAction":[{"@type":"ReadAction","target":["https:\/\/limcologistics.com\/es\/servicios\/"]}]},{"@type":"BreadcrumbList","@id":"https:\/\/limcologistics.com\/es\/servicios\/#breadcrumb","itemListElement":[{"@type":"ListItem","position":1,"name":"Home","item":"https:\/\/limcologistics.com\/es\/"},{"@type":"ListItem","position":2,"name":"Servicios"}]},{"@type":"WebSite","@id":"https:\/\/limcologistics.com\/es\/#website","url":"https:\/\/limcologistics.com\/es\/","name":"Limcologistics","description":"","publisher":{"@id":"https:\/\/limcologistics.com\/es\/#organization"},"potentialAction":[{"@type":"SearchAction","target":{"@type":"EntryPoint","urlTemplate":"https:\/\/limcologistics.com\/es\/?s={search_term_string}"},"query-input":{"@type":"PropertyValueSpecification","valueRequired":true,"valueName":"search_term_string"}}],"inLanguage":"es"},{"@type":"Organization","@id":"https:\/\/limcologistics.com\/es\/#organization","name":"Limcologistics","url":"https:\/\/limcologistics.com\/es\/","logo":{"@type":"ImageObject","inLanguage":"es","@id":"https:\/\/limcologistics.com\/es\/#\/schema\/logo\/image\/","url":"https:\/\/limcologistics.com\/wp-content\/uploads\/2024\/01\/logo-blue-1.svg","contentUrl":"https:\/\/limcologistics.com\/wp-content\/uploads\/2024\/01\/logo-blue-1.svg","width":195,"height":45,"caption":"Limcologistics"},"image":{"@id":"https:\/\/limcologistics.com\/es\/#\/schema\/logo\/image\/"},"sameAs":["https:\/\/www.facebook.com\/limcologistics","https:\/\/x.com\/limcologistics","https:\/\/www.linkedin.com\/company\/limcologistics","https:\/\/www.youtube.com\/user\/limcologistics"]}]}},"_links":{"self":[{"href":"https:\/\/limcologistics.com\/es\/wp-json\/wp\/v2\/pages\/1233","targetHints":{"allow":["GET"]}}],"collection":[{"href":"https:\/\/limcologistics.com\/es\/wp-json\/wp\/v2\/pages"}],"about":[{"href":"https:\/\/limcologistics.com\/es\/wp-json\/wp\/v2\/types\/page"}],"author":[{"embeddable":true,"href":"https:\/\/limcologistics.com\/es\/wp-json\/wp\/v2\/users\/1"}],"replies":[{"embeddable":true,"href":"https:\/\/limcologistics.com\/es\/wp-json\/wp\/v2\/comments?post=1233"}],"version-history":[{"count":6,"href":"https:\/\/limcologistics.com\/es\/wp-json\/wp\/v2\/pages\/1233\/revisions"}],"predecessor-version":[{"id":3640,"href":"https:\/\/limcologistics.com\/es\/wp-json\/wp\/v2\/pages\/1233\/revisions\/3640"}],"wp:attachment":[{"href":"https:\/\/limcologistics.com\/es\/wp-json\/wp\/v2\/media?parent=1233"}],"curies":[{"name":"wp","href":"https:\/\/api.w.org\/{rel}","templated":true}]}}